{"id":37,"date":"2025-04-07T09:49:09","date_gmt":"2025-04-07T09:49:09","guid":{"rendered":"https:\/\/agrostatic.com\/?page_id=37"},"modified":"2025-06-20T10:16:23","modified_gmt":"2025-06-20T10:16:23","slug":"inicio-ii","status":"publish","type":"page","link":"https:\/\/agrostatic.com\/","title":{"rendered":"INICIO II"},"content":{"rendered":"\n\n\t\t\t\t<img loading=\"lazy\" decoding=\"async\" src=\"https:\/\/agrostatic.com\/wp-content\/uploads\/2025\/04\/Logo-agrostatic-3-1-scaled.jpg\" alt=\"Logo agrostatic 3\" itemprop=\"image\" height=\"794\" width=\"2560\" title=\"Logo agrostatic 3\" onerror=\"this.style.display='none'\"  \/>\n<h3>\n\t\tComercializado por OEIRE, SL \/ Marketed by OEIRE, SL\n\t<\/h3>\n\t<p>\u00abTecnolog\u00eda electroest\u00e1tica lista para transformar tu maquinaria\u00bb<\/p>\n<p>Ahorra a\u00f1os de desarrollo.<\/p>\n<p>Accede ya al pack AgroStactic.<\/p>\n\t<p>\u00abElectrostatic technology ready to transform your equipment\u00bb<\/p>\n<p>Save years of development.<\/p>\n<p>Get access to the AgroStatic pack now.<\/p>\n\t\t\t\t<img decoding=\"async\" src=\"https:\/\/agrostatic.com\/wp-content\/plugins\/bb-plugin\/img\/pixel.png\" alt=\"\" itemprop=\"image\" onerror=\"this.style.display='none'\"  \/>\n\t<p>Beneficios del Pack AgroStatic<\/p>\n<p><strong>\u2714 <\/strong>Tecnolog\u00eda ensayada por universidades p\u00fablicas<\/p>\n<p><strong>\u2714 <\/strong>Ahorro de tiempo y costes en desarrollo propio<\/p>\n<p><strong><\/strong><strong>\u2714 <\/strong>Listo para desarrollar pulverizadores electrost\u00e1ticos<\/p>\n<p><strong>\u2714 <\/strong>Incluye planos, formaci\u00f3n y soporte t\u00e9cnico inicial<\/p>\n<p><strong>\u2714 <\/strong>Sin royalties ni pagos adicionales por uso<\/p>\n\t\t\t\t<img loading=\"lazy\" decoding=\"async\" src=\"https:\/\/agrostatic.com\/wp-content\/uploads\/2025\/04\/UNIVERSIDAD-DE-ALMERIA-AGROSTATIC-PULVERIZACION-ELECTROSTATICA-ELECTROSTATIC-SPRAYERS.png\" alt=\"UNIVERSIDAD DE ALMERIA AGROSTATIC PULVERIZACION ELECTROSTATICA ELECTROSTATIC SPRAYERS\" itemprop=\"image\" height=\"615\" width=\"1845\" title=\"UNIVERSIDAD DE ALMERIA AGROSTATIC PULVERIZACION ELECTROSTATICA ELECTROSTATIC SPRAYERS\" onerror=\"this.style.display='none'\"  \/>\n\t\t\t\t<img loading=\"lazy\" decoding=\"async\" src=\"https:\/\/agrostatic.com\/wp-content\/uploads\/2025\/04\/ITA-AGROSTATIC-PULVERIZACION-ELECTROSTATICA-4-.png\" alt=\"ITA AGROSTATIC PULVERIZACION ELECTROSTATICA 4\" itemprop=\"image\" height=\"115\" width=\"439\" title=\"ITA AGROSTATIC PULVERIZACION ELECTROSTATICA 4\" onerror=\"this.style.display='none'\"  \/>\n<h2>AgroStatic Pack Benefits<\/h2>\n<p><strong>\u2714 <\/strong>Technology tested by public universities<\/p>\n<p><strong>\u2714 <\/strong>Savings in time and development costs<\/p>\n<p><strong><\/strong><strong>\u2714 <\/strong>Ready to develop electrostatic sprayers<\/p>\n<p><strong>\u2714 <\/strong>Includes blueprints, training and initial technical support<\/p>\n<p><strong>\u2714 <\/strong>No royalties or additional usage fees<\/p>\n<h2>\u00bfQu\u00e9 incluye el Pack AgroStatic?<\/h2>\n<p><strong>\u2714<\/strong> Tecnolog\u00eda ensayada por universidades p\u00fablicas<\/p>\n<p><strong>\u2714 <\/strong>Manual de integraci\u00f3n paso a paso<\/p>\n<p><strong>\u2714<\/strong> Requisitos el\u00e9ctricos, hidr\u00e1ulicos, neum\u00e1ticos y estructurales<\/p>\n<p><strong>\u2714 <\/strong>Muestras iniciales para su montaje<\/p>\n<p><strong>\u2714 <\/strong>Soporte t\u00e9cnico inicial durante 60 d\u00edas<\/p>\n<p><strong>\u2714<\/strong> Licencia de uso sin royalties<\/p>\n<h2>\u00bfQu\u00e9 incluye el Pack AgroStatic?<\/h2>\n<p><strong>\u2714<\/strong> Tecnolog\u00eda ensayada por universidades p\u00fablicas<\/p>\n<p><strong>\u2714 <\/strong>Manual de integraci\u00f3n paso a paso<\/p>\n<p><strong>\u2714<\/strong> Requisitos el\u00e9ctricos, hidr\u00e1ulicos, neum\u00e1ticos y estructurales<\/p>\n<p><strong>\u2714 <\/strong>Muestras iniciales para su montaje<\/p>\n<p><strong>\u2714 <\/strong>Soporte t\u00e9cnico inicial durante 60 d\u00edas<\/p>\n<p><strong>\u2714<\/strong> Licencia de uso sin royalties<\/p>\n<h2>Validaci\u00f3n cient\u00edfica<\/h2>\n<p><strong>\u2714 <\/strong>Tecnolog\u00eda ensayada por la Universidad de Zaragoza , la Universidad de Almer\u00eda y el ITA (Espa\u00f1a)<\/p>\n<p><strong>\u2714 <\/strong>Resultados obtenidos en laboratorio y campo<\/p>\n<p><strong>\u2714 <\/strong>Comparativa de cobertura ON\/OFF con carga electrost\u00e1tica<\/p>\n<p><strong>\u2714 <\/strong>Datos t\u00e9cnicos de deposici\u00f3n y eficiencia<\/p>\n<p><strong>\u2714<\/strong>Aumento de cobertura y reducci\u00f3n de deriva<\/p>\n\t\t\t\t<img loading=\"lazy\" decoding=\"async\" src=\"https:\/\/agrostatic.com\/wp-content\/uploads\/2025\/04\/Diseno-sin-titulo-2025-04-07T124733.619.png\" alt=\"Dise\u00f1o sin t\u00edtulo - 2025-04-07T124733.619\" itemprop=\"image\" height=\"334\" width=\"422\" title=\"Dise\u00f1o sin t\u00edtulo - 2025-04-07T124733.619\" onerror=\"this.style.display='none'\"  \/>\n<h2>Scientific validation<\/h2>\n<p><strong>\u2714 <\/strong>Technology tested by the University of Zaragoza, the University of Almer\u00eda and ITA(Aragon Technological Institute) (Spain)<\/p>\n<p><strong>\u2714 <\/strong>Results obtained in laboratory and field trials<\/p>\n<p><strong>\u2714 <\/strong>Electrostatic ON\/OFF coverage comparison<\/p>\n<p><strong>\u2714 <\/strong>Technical data on deposition and efficiency<\/p>\n<p><strong>\u2714 <\/strong>Increased coverage and reduced drift<\/p>\n<h2>\u00bfCu\u00e1nto cuesta desarrollar esta tecnolog\u00eda por tu cuenta?<\/h2>\n<p><strong>\u2714 <\/strong>A\u00f1os de I+D en dise\u00f1o, electr\u00f3nica y fluidos<\/p>\n<p><strong>\u2714 <\/strong>Ensayos en laboratorio y campo<\/p>\n<p><strong>\u2714 <\/strong>Validaci\u00f3n cient\u00edfica independiente<\/p>\n<p><strong>\u2714 <\/strong>Equipo t\u00e9cnico multidisciplinar<\/p>\n<p><strong>\u2714 <\/strong>Coste estimado: m\u00e1s de 380.000 \u20ac<\/p>\n<p><strong>\u2714 <\/strong>Tiempo estimado: 2 a 3 a\u00f1os<\/p>\n<h2>How much does it cost to develop this technology on your own?<\/h2>\n<p><strong>\u2714 <\/strong>Years of R&amp;D in design, electronics and fluid dynamics<\/p>\n<p><strong>\u2714 <\/strong>Laboratory and field testing<\/p>\n<p><strong>\u2714 <\/strong>Independent scientific validation<\/p>\n<p><strong>\u2714 <\/strong>Multidisciplinary technical team<\/p>\n<p><strong>\u2714<\/strong> Estimated cost: over \u20ac380,000<\/p>\n<p><strong>\u2714<\/strong> Estimated time: 2 to 3 years<\/p>\n<h2>Solicita tu Pack AgroStatic<\/h2>\n<h3>\u00bfEst\u00e1s listo para integrar la pulverizaci\u00f3n electrost\u00e1tica en tus equipos?<\/h3>\n<p><strong>\u2714 <\/strong>Escr\u00edbenos, solicita m\u00e1s informaci\u00f3n o agenda una videollamada personalizada.<\/p>\n<p><strong>\u2714 <\/strong>Te mostraremos c\u00f3mo implementar la tecnolog\u00eda de forma sencilla y eficaz.<\/p>\n\t<p>Solicita tu Pack AgroStatic<\/p>\n<p>Precio \u00fanico: 15.000\u20ac<\/p>\n\t\t\t\t<img loading=\"lazy\" decoding=\"async\" src=\"https:\/\/agrostatic.com\/wp-content\/uploads\/2025\/04\/Logo_agrostatic_3-removebg-preview.png\" alt=\"Logo_agrostatic_3-removebg-preview\" itemprop=\"image\" height=\"278\" width=\"898\" title=\"Logo_agrostatic_3-removebg-preview\" onerror=\"this.style.display='none'\"  \/>\n<h2>Request your AgroStatic Pack<\/h2>\n<h3>Ready to integrate alectrostatic spraying into your equipment ?<\/h3>\n<p><strong>\u2714 <\/strong>Contact us, request more information or schedule a personalized video call.<\/p>\n<p><strong>\u2714 <\/strong>We&#8217;ll show you how to implement the technology easily and effectively.<\/p>\n\t<p>Request your AgroStatic Pack<\/p>\n<p>One-time price: 15.000\u20ac<\/p>\n\t<p><strong>Solicita ya tu Pack AgroStatic y transforma tu negocio con la tecnolog\u00eda del presente y del futuro.<\/strong><\/p>\n<p>Request your AgroStatic Pack now and transform your business with the technology of the present and future.<\/p>\n\t<p><strong>\u00bfQuieres m\u00e1s informaci\u00f3n personalizada?<\/strong><\/p>\n<p><strong>Rellena el formulario y te contactaremos lo antes posible.<\/strong><\/p>\n<p><strong>Tambi\u00e9n puedes descargar el dossier con informaci\u00f3n m\u00e1s detallada<\/strong><\/p>\n\t<p><strong>\u00bfQuieres m\u00e1s informaci\u00f3n personalizada?<\/strong><\/p>\n<p><strong>Rellena el formulario y te contactaremos lo antes posible.<\/strong><\/p>\n<p><strong>Tambi\u00e9n puedes descargar el dossier con informaci\u00f3n m\u00e1s detallada<\/strong><\/p>\n\t<form action=\"https:\/\/agrostatic.com\/enviar.php\" method=\"post\">\n    <label for=\"name\">Nombre \/ Name:<\/label>\n    <input type=\"text\" id=\"name\" name=\"name\" required\/>\n    <label for=\"personCompany\">Persona \/ Empresa &#8211; Person \/ Company:<\/label>\n    <input type=\"text\" id=\"personCompany\" name=\"personCompany\" required\/>\n    <label for=\"city\">Ciudad \/ City:<\/label>\n    <input type=\"text\" id=\"city\" name=\"city\" required\/>\n    <label for=\"country\">Pa\u00eds \/ Country:<\/label>\n    <input type=\"text\" id=\"country\" name=\"country\" required\/>\n    <label for=\"phone\">Tel\u00e9fono \/ Phone:<\/label>\n    <input type=\"tel\" id=\"phone\" name=\"phone\" required\/>\n    <label for=\"email\">Correo \/ Email:<\/label>\n    <input type=\"email\" id=\"email\" name=\"email\" required\/>\n    <label for=\"message\">Mensaje \/ Message:<\/label><br \/>\n    <textarea id=\"message\" name=\"message\" rows=\"4\" required><\/textarea>\n    <input type=\"checkbox\" id=\"dataConsent\" name=\"dataConsent\" required\/>\n    <label for=\"dataConsent\">Acepto las condiciones de tratamiento de datos personales \/ I accept the personal data processing terms<\/label>\n    <button type=\"submit\">\n      Enviar \/ Submit\n    <\/button>\n<\/form>\n\t<p><a href=\"https:\/\/agrostatic.com\/wp-content\/uploads\/2025\/06\/Dossier-AgroStatic-Espanol-.pdf\" target=\"_blank\" rel=\"noopener\">Desc\u00e1rgate el dossier con informacion m\u00e1s detallada<\/a><\/p>\n\t<p>\ud83d\udce7 <a href=\"mailto:contacto@agrostatic.com\">contacto@agrostatic.com<\/a><\/p>\n<p>\ud83c\udf10<a href=\"https:\/\/agrostatic.com\/\"> www.agrostatic.com<\/a><\/p>\n\t<p><a href=\"https:\/\/agrostatic.com\/wp-content\/uploads\/2025\/06\/Dossier-AgroStatic-English-.pdf\" target=\"_blank\" rel=\"noopener\"><b>Download the dossier with detailed information<\/b><\/a><\/p>\n\t<p>Avenida Mar\u00eda Zambrano 31 WTCZ Torre Oeste, Planta 15, 50018 Zaragoza Espa\u00f1a &#8211; Spain<\/p>\n\t\t\t\t<img loading=\"lazy\" decoding=\"async\" src=\"https:\/\/agrostatic.com\/wp-content\/uploads\/2025\/04\/Flag_of_Europe.svg.webp\" alt=\"Flag_of_Europe.svg\" itemprop=\"image\" height=\"427\" width=\"640\" title=\"Flag_of_Europe.svg\" onerror=\"this.style.display='none'\"  \/>\n\n","protected":false},"excerpt":{"rendered":"<p>Comercializado por OEIRE, SL \/ Marketed by OEIRE, SL \u00abTecnolog\u00eda electroest\u00e1tica lista para transformar tu maquinaria\u00bb Ahorra a\u00f1os de desarrollo. Accede ya al pack AgroStactic. \u00abElectrostatic technology ready to transform your equipment\u00bb Save years of development. Get access to the AgroStatic pack now. Beneficios del Pack AgroStatic \u2714 Tecnolog\u00eda ensayada por universidades p\u00fablicas \u2714 Ahorro&hellip;<\/p>\n","protected":false},"author":1,"featured_media":0,"parent":0,"menu_order":0,"comment_status":"closed","ping_status":"closed","template":"","meta":{"footnotes":""},"class_list":["post-37","page","type-page","status-publish","hentry"],"yoast_head":"<!-- This site is optimized with the Yoast SEO plugin v25.3.1 - https:\/\/yoast.com\/wordpress\/plugins\/seo\/ -->\n<title>INICIO II - Agrostatic<\/title>\n<meta name=\"robots\" content=\"noindex, follow, max-snippet:-1, max-image-preview:large, max-video-preview:-1\" \/>\n<meta property=\"og:locale\" content=\"es_ES\" \/>\n<meta property=\"og:type\" content=\"article\" \/>\n<meta property=\"og:title\" content=\"INICIO II - Agrostatic\" \/>\n<meta property=\"og:description\" content=\"Comercializado por OEIRE, SL \/ Marketed by OEIRE, SL \u00abTecnolog\u00eda electroest\u00e1tica lista para transformar tu maquinaria\u00bb Ahorra a\u00f1os de desarrollo. Accede ya al pack AgroStactic. \u00abElectrostatic technology ready to transform your equipment\u00bb Save years of development. Get access to the AgroStatic pack now. Beneficios del Pack AgroStatic \u2714 Tecnolog\u00eda ensayada por universidades p\u00fablicas \u2714 Ahorro&hellip;\" \/>\n<meta property=\"og:url\" content=\"https:\/\/agrostatic.com\/\" \/>\n<meta property=\"og:site_name\" content=\"Agrostatic\" \/>\n<meta property=\"article:modified_time\" content=\"2025-06-20T10:16:23+00:00\" \/>\n<meta property=\"og:image\" content=\"https:\/\/agrostatic.com\/wp-content\/uploads\/2025\/04\/Logo-agrostatic-3-1-scaled.jpg\" \/>\n<meta name=\"twitter:card\" content=\"summary_large_image\" \/>\n<meta name=\"twitter:label1\" content=\"Tiempo de lectura\" \/>\n\t<meta name=\"twitter:data1\" content=\"6 minutos\" \/>\n<script type=\"application\/ld+json\" class=\"yoast-schema-graph\">{\"@context\":\"https:\/\/schema.org\",\"@graph\":[{\"@type\":\"WebPage\",\"@id\":\"https:\/\/agrostatic.com\/\",\"url\":\"https:\/\/agrostatic.com\/\",\"name\":\"INICIO II - Agrostatic\",\"isPartOf\":{\"@id\":\"https:\/\/agrostatic.com\/#website\"},\"primaryImageOfPage\":{\"@id\":\"https:\/\/agrostatic.com\/#primaryimage\"},\"image\":{\"@id\":\"https:\/\/agrostatic.com\/#primaryimage\"},\"thumbnailUrl\":\"https:\/\/agrostatic.com\/wp-content\/uploads\/2025\/04\/Logo-agrostatic-3-1-scaled.jpg\",\"datePublished\":\"2025-04-07T09:49:09+00:00\",\"dateModified\":\"2025-06-20T10:16:23+00:00\",\"breadcrumb\":{\"@id\":\"https:\/\/agrostatic.com\/#breadcrumb\"},\"inLanguage\":\"es\",\"potentialAction\":[{\"@type\":\"ReadAction\",\"target\":[\"https:\/\/agrostatic.com\/\"]}]},{\"@type\":\"ImageObject\",\"inLanguage\":\"es\",\"@id\":\"https:\/\/agrostatic.com\/#primaryimage\",\"url\":\"https:\/\/agrostatic.com\/wp-content\/uploads\/2025\/04\/Logo-agrostatic-3-1-scaled.jpg\",\"contentUrl\":\"https:\/\/agrostatic.com\/wp-content\/uploads\/2025\/04\/Logo-agrostatic-3-1-scaled.jpg\",\"width\":2560,\"height\":794,\"caption\":\"Logo agrostatic 3\"},{\"@type\":\"BreadcrumbList\",\"@id\":\"https:\/\/agrostatic.com\/#breadcrumb\",\"itemListElement\":[{\"@type\":\"ListItem\",\"position\":1,\"name\":\"Portada\",\"item\":\"https:\/\/agrostatic.com\/\"},{\"@type\":\"ListItem\",\"position\":2,\"name\":\"INICIO II\"}]},{\"@type\":\"WebSite\",\"@id\":\"https:\/\/agrostatic.com\/#website\",\"url\":\"https:\/\/agrostatic.com\/\",\"name\":\"Agrostatic\",\"description\":\"\",\"potentialAction\":[{\"@type\":\"SearchAction\",\"target\":{\"@type\":\"EntryPoint\",\"urlTemplate\":\"https:\/\/agrostatic.com\/?s={search_term_string}\"},\"query-input\":{\"@type\":\"PropertyValueSpecification\",\"valueRequired\":true,\"valueName\":\"search_term_string\"}}],\"inLanguage\":\"es\"}]}<\/script>\n<!-- \/ Yoast SEO plugin. -->","yoast_head_json":{"title":"INICIO II - Agrostatic","robots":{"index":"noindex","follow":"follow","max-snippet":"max-snippet:-1","max-image-preview":"max-image-preview:large","max-video-preview":"max-video-preview:-1"},"og_locale":"es_ES","og_type":"article","og_title":"INICIO II - Agrostatic","og_description":"Comercializado por OEIRE, SL \/ Marketed by OEIRE, SL \u00abTecnolog\u00eda electroest\u00e1tica lista para transformar tu maquinaria\u00bb Ahorra a\u00f1os de desarrollo. Accede ya al pack AgroStactic. \u00abElectrostatic technology ready to transform your equipment\u00bb Save years of development. Get access to the AgroStatic pack now. Beneficios del Pack AgroStatic \u2714 Tecnolog\u00eda ensayada por universidades p\u00fablicas \u2714 Ahorro&hellip;","og_url":"https:\/\/agrostatic.com\/","og_site_name":"Agrostatic","article_modified_time":"2025-06-20T10:16:23+00:00","og_image":[{"url":"https:\/\/agrostatic.com\/wp-content\/uploads\/2025\/04\/Logo-agrostatic-3-1-scaled.jpg","type":"","width":"","height":""}],"twitter_card":"summary_large_image","twitter_misc":{"Tiempo de lectura":"6 minutos"},"schema":{"@context":"https:\/\/schema.org","@graph":[{"@type":"WebPage","@id":"https:\/\/agrostatic.com\/","url":"https:\/\/agrostatic.com\/","name":"INICIO II - Agrostatic","isPartOf":{"@id":"https:\/\/agrostatic.com\/#website"},"primaryImageOfPage":{"@id":"https:\/\/agrostatic.com\/#primaryimage"},"image":{"@id":"https:\/\/agrostatic.com\/#primaryimage"},"thumbnailUrl":"https:\/\/agrostatic.com\/wp-content\/uploads\/2025\/04\/Logo-agrostatic-3-1-scaled.jpg","datePublished":"2025-04-07T09:49:09+00:00","dateModified":"2025-06-20T10:16:23+00:00","breadcrumb":{"@id":"https:\/\/agrostatic.com\/#breadcrumb"},"inLanguage":"es","potentialAction":[{"@type":"ReadAction","target":["https:\/\/agrostatic.com\/"]}]},{"@type":"ImageObject","inLanguage":"es","@id":"https:\/\/agrostatic.com\/#primaryimage","url":"https:\/\/agrostatic.com\/wp-content\/uploads\/2025\/04\/Logo-agrostatic-3-1-scaled.jpg","contentUrl":"https:\/\/agrostatic.com\/wp-content\/uploads\/2025\/04\/Logo-agrostatic-3-1-scaled.jpg","width":2560,"height":794,"caption":"Logo agrostatic 3"},{"@type":"BreadcrumbList","@id":"https:\/\/agrostatic.com\/#breadcrumb","itemListElement":[{"@type":"ListItem","position":1,"name":"Portada","item":"https:\/\/agrostatic.com\/"},{"@type":"ListItem","position":2,"name":"INICIO II"}]},{"@type":"WebSite","@id":"https:\/\/agrostatic.com\/#website","url":"https:\/\/agrostatic.com\/","name":"Agrostatic","description":"","potentialAction":[{"@type":"SearchAction","target":{"@type":"EntryPoint","urlTemplate":"https:\/\/agrostatic.com\/?s={search_term_string}"},"query-input":{"@type":"PropertyValueSpecification","valueRequired":true,"valueName":"search_term_string"}}],"inLanguage":"es"}]}},"_links":{"self":[{"href":"https:\/\/agrostatic.com\/index.php\/wp-json\/wp\/v2\/pages\/37","targetHints":{"allow":["GET"]}}],"collection":[{"href":"https:\/\/agrostatic.com\/index.php\/wp-json\/wp\/v2\/pages"}],"about":[{"href":"https:\/\/agrostatic.com\/index.php\/wp-json\/wp\/v2\/types\/page"}],"author":[{"embeddable":true,"href":"https:\/\/agrostatic.com\/index.php\/wp-json\/wp\/v2\/users\/1"}],"replies":[{"embeddable":true,"href":"https:\/\/agrostatic.com\/index.php\/wp-json\/wp\/v2\/comments?post=37"}],"version-history":[{"count":23,"href":"https:\/\/agrostatic.com\/index.php\/wp-json\/wp\/v2\/pages\/37\/revisions"}],"predecessor-version":[{"id":76,"href":"https:\/\/agrostatic.com\/index.php\/wp-json\/wp\/v2\/pages\/37\/revisions\/76"}],"wp:attachment":[{"href":"https:\/\/agrostatic.com\/index.php\/wp-json\/wp\/v2\/media?parent=37"}],"curies":[{"name":"wp","href":"https:\/\/api.w.org\/{rel}","templated":true}]}}